{"id":2,"date":"2024-03-16T19:38:14","date_gmt":"2024-03-16T19:38:14","guid":{"rendered":"https:\/\/seo-web-design.ch\/?page_id=2"},"modified":"2025-10-27T13:58:00","modified_gmt":"2025-10-27T13:58:00","slug":"sample-page","status":"publish","type":"page","link":"https:\/\/seo-web-design.ch\/","title":{"rendered":"Meine langj\u00e4hrige Reise mit Neuroborreliose"},"content":{"rendered":"\n<p>Ich m\u00f6chte heute meine Geschichte teilen \u2013 wie ich \u00fcber viele Jahre hinweg an einer schweren Form der Neuroborreliose gelitten habe, wie ich Patientin im Borreliose Centrum Augsburg war und wie ich schlie\u00dflich durch eine Kombination aus konventionellen Therapien und einer innovativen Behandlung in einer \u00dcberdruckkammer den Weg zur\u00fcck zu Gesundheit gefunden habe.<\/p>\n\n\n\n<p>Alles begann mit unscheinbaren Symptomen: M\u00fcdigkeit, Gelenkschmerzen, neurologische Beschwerden, die von \u00c4rzten zun\u00e4chst nicht eindeutig zugeordnet werden konnten. Nach mehreren Untersuchungen wurde bei mir schlie\u00dflich die Diagnose Neuroborreliose gestellt. Im Borreliose Centrum Augsburg in Augsburg \u2013 einer Klinik, die sich auf durch Zecken \u00fcbertragene Erkrankungen spezialisiert hat \u2013 wurde ich aufgenommen.\u00a0<\/p>\n\n\n\n<p>Die Jahre vergingen mit einer Therapie-Odyssee: Erst zahlreiche Antibiotika-Kuren, dann phytotherapeutische Erg\u00e4nzungen, naturheilkundliche Ans\u00e4tze, Kr\u00e4utertherapien \u2013 stets begleitet von Unsicherheit und R\u00fcckschl\u00e4gen. Es gab R\u00fcckf\u00e4lle, Phasen, in denen ich dachte, ich k\u00e4me nicht weiter. Ich war Patientin im Zentrum f\u00fcr chronische Borreliose \u2013 und ich habe durchgehalten.<\/p>\n\n\n\n<h2 class=\"wp-block-heading\">F\u00fcnf lange Jahre \u2013 und dann eine neue Hoffnung<\/h2>\n\n\n\n<p>Nach etwa f\u00fcnf Jahren mit dieser chronischen Erkrankung entschied ich mich f\u00fcr eine erg\u00e4nzende Therapieform: Ich unterzog mich insgesamt\u00a0<strong>20 doppelten Sitzungen<\/strong>\u00a0in einer Druck- und Sauerstoffkammer in Gontenschwil (Schweiz: <a href=\"https:\/\/hyperbare-sauerstofftherapie.ch\">https:\/\/hyperbare-sauerstofftherapie.ch<\/a>). Ich hatte von der M\u00f6glichkeit der hyperbaren Sauerstofftherapie (HBOT) geh\u00f6rt und wollte ihr eine echte Chance geben.<\/p>\n\n\n\n<p>Die Kammer (<a href=\"https:\/\/hyperbare-sauerstofftherapie.ch\/druckkammer\/\">https:\/\/hyperbare-sauerstofftherapie.ch\/druckkammer\/<\/a>) war beeindruckend: Eine speziell daf\u00fcr ausgelegte \u00dcberdruckkammer, in der ich unter erh\u00f6htem Umgebungsdruck reinen Sauerstoff atmete ( <a href=\"https:\/\/hyperbare-sauerstofftherapie.ch\/therapieablauf\/\">https:\/\/hyperbare-sauerstofftherapie.ch\/therapieablauf\/<\/a> )\u2013 damit meine Zellen besser versorgt werden, damit die Regeneration angekurbelt wird. (Solche Therapien werden z. B. im Bereich der Hyperbaren Sauerstofftherapie bereits beschrieben.)<\/p>\n\n\n\n<p>Ich erinnere mich, dass ich anfangs mit starken Reaktionen zu k\u00e4mpfen hatte \u2013 sogenannte Herxheimer-Reaktionen, bei denen die Symptome sich kurzfristig verschlimmern, das Immunsystem reagiert, Entz\u00fcndungszeichen steigen. Es war hart. Aber ich machte unbeirrt weiter,\u00a0<strong>ohne Unterbrechung<\/strong>, setzte jede Sitzung an, organisierte meine Zeit rund um die Kammer-Therapie.<\/p>\n\n\n\n<h3 class=\"wp-block-heading\">Die Kammer im Detail<\/h3>\n\n\n\n<p>Die Kammer war komfortabel: Liegesitze oder halb-liegend, angenehme Musik oder Ruhe, Sichtfenster, ein echtes Gef\u00fchl, als ob man \u201ein einer speziellen Blase\u201c sitzt \u2013 und gleichzeitig sp\u00fcrt, wie der Druck steigt und man tiefer atmet. Der reinere Sauerstoff und der Druckanstieg f\u00fchrten zu dem Gef\u00fchl, dass endlich etwas \u201eInneres\u201c passiert. Ich h\u00e4tte nie gedacht, wie sehr der K\u00f6rper auf so eine Form der Therapie reagieren kann.<\/p>\n\n\n\n<h2 class=\"wp-block-heading\">Die Kosten \u2013 gro\u00df, aber im R\u00fcckblick lohnend<\/h2>\n\n\n\n<p>Ja \u2013 die Kosten dieser Therapie sind\u00a0<strong>nicht gering<\/strong>. Ich war zu der Zeit teilweise ohne geregelte Arbeit, litt unter erheblichem Leid, hatte viele Ausgaben f\u00fcr andere Therapien, Erg\u00e4nzungsmittel, Arzt-Besuche, Naturheilmittel \u2013 all das summierte sich. Ich habe in dieser Zeit viele \u201eausprobiert\u201c, viele Ans\u00e4tze gew\u00e4hlt, die nur teilweise Wirkung zeigten. In\u00a0<strong>meinem Fall<\/strong>\u00a0\u00fcberstiegen diese Ausgaben \u2013 plus der gef\u00fchlten \u201eKosten\u201c durch Krankheit (dauerhafte M\u00fcdigkeit, reduzierte Leistungsf\u00e4higkeit, Lebensqualit\u00e4t)\u00a0<strong>schon lange<\/strong>\u00a0die Kosten f\u00fcr die HBOT-Therapie. Im R\u00fcckblick kann ich sagen:\u00a0<strong>Es hat sich wirklich gelohnt<\/strong>\u00a0\u2013 ich w\u00fcnschte nur, ich h\u00e4tte diese Therapie\u00a0<strong>fr\u00fcher<\/strong>\u00a0gekannt.<\/p>\n\n\n\n<p>Leider \u00fcbernimmt die Krankenversicherung in meinem Fall&nbsp;<strong>nicht<\/strong>&nbsp;die Kosten f\u00fcr die HBOT-Therapie \u2013 denn \u00fcblicherweise werden nur bestimmte Indikationen wie z. B. schlecht heilende Wunden bei Diabetikern oder \u00e4hnliche offizielle Indikationen von den Kassen \u00fcbernommen. Andere Diagnosen wie meine neuroborreliose-bedingte Dauerbelastung fallen oft&nbsp;<strong>nicht<\/strong>&nbsp;darunter. (Siehe beispielsweise die Liste der m\u00f6glichen Indikationen hier:&nbsp;<a href=\"https:\/\/hyperbare-sauerstofftherapie.ch\/indikationen-hyperbare-sauerstofftherapie\/\">Indikationen Hyperbare Sauerstofftherapie<\/a>.)<\/p>\n\n\n\n<p>Trotzdem: Wenn man die Therapie-Kosten als&nbsp;<strong>Investition<\/strong>&nbsp;in die eigene Gesundheit sieht \u2013 im Kontext vieler Jahre mit Krankheit, Behandlungen, begrenzter Leistungsf\u00e4higkeit \u2013 dann wirkt es heute nicht mehr \u201enur teuer\u201c, sondern \u201ewertvoll\u201c.e Kosten \u2013 gro\u00df, aber im R\u00fcckblick lohnend<\/p>\n\n\n\n<p><\/p>\n\n\n\n<h2 class=\"wp-block-heading\">Der Wendepunkt: Erste f\u00fchlbare Verbesserung nach 2,5 Monaten<\/h2>\n\n\n\n<p>Nach etwa&nbsp;<strong>2,5 Monaten<\/strong>&nbsp;dieser Kammer-Sitzungen sp\u00fcrte ich erstmals eine sp\u00fcrbare, und zwar&nbsp;<strong>uneingeschr\u00e4nkt positive<\/strong>, Ver\u00e4nderung: Meine M\u00fcdigkeit lie\u00df nach, meine Gelenkschmerzen wurden leichter, meine neurologischen Beschwerden begannen sich zur\u00fcckzuziehen. Es war&nbsp;<strong>die erste wirkliche Hilfe<\/strong>, die ich seit Jahren erlebt hatte.<\/p>\n\n\n\n<p>Ich war so dankbar: Die exzellente Betreuung, die f\u00fcrsorgliche, kompetente Obsorge im Zentrum, die Klarheit und das Engagement des Teams \u2013 all das machte einen gro\u00dfen Unterschied. Ich m\u00f6chte hier ausdr\u00fccklich die\u00a0<strong>super tolle, sehr f\u00fcrsorgliche und sehr gute Betreuung<\/strong>\u00a0im Hyperbare Sauerstofftherapie Gontenschwil hervorheben: Die Menschen dort nahmen sich Zeit f\u00fcr Erkl\u00e4rungen, gaben Sicherheit, gingen auf meine Fragen ein, checkten regelm\u00e4\u00dfig meine Reaktionen \u2013 kurzum: ich f\u00fchlte mich nicht nur wie eine Patientin, sondern wie eine Person mit einer Geschichte, mit Sorgen und Hoffnungen.<\/p>\n\n\n\n<h3 class=\"wp-block-heading\">Warum es sich gelohnt hat<\/h3>\n\n\n\n<p>\u2013 Die Kombination aus jahrelanger Therapie im Borreliose-Zentrum, den Kr\u00e4uter- und Antibiotika-Ans\u00e4tzen\u00a0<strong>und<\/strong>schlie\u00dflich die hyperbare Sauerstofftherapie war\u00a0<strong>mein Schl\u00fcssel<\/strong>\u00a0zur Stabilisierung.<br>\u2013 Kurz gesagt: Ich habe durchgehalten, war konsequent, habe Vertrauen gefasst \u2013 und wurde nicht entt\u00e4uscht.<br>\u2013 Die Betreuung war hervorragend \u2013 vom ersten Beratungsgespr\u00e4ch bis zur Nachsorge.<br>\u2013 Ich erlebte eine Wende: Nach Jahren des Wartens und K\u00e4mpfens kam endlich sichtbare Verbesserung.<\/p>\n\n\n\n<h2 class=\"wp-block-heading\">Mein Appell an alle Betroffenen<\/h2>\n\n\n\n<p>Wenn Sie selbst in einer Situation sind, in der eine chronische Borreliose oder Neuroborreliose Sie begleitet \u2013 lassen Sie sich nicht entmutigen. Suchen Sie spezialisierte Zentren, informieren Sie sich \u00fcber erg\u00e4nzende Optionen wie eine \u00dcberdruck-Sauerstoffkammer-Therapie in Gontenschwil. Halten Sie durch. Ihre Gesundheit ist es wert.<\/p>\n\n\n\n<p>Ich w\u00fcnsche Ihnen von Herzen Mut und Geduld \u2013 und hoffe, dass meine Geschichte Ihnen zeigt: Es ist&nbsp;<strong>nicht hoffnungslos<\/strong>. Hilfe ist m\u00f6glich, Fortschritt ist m\u00f6glich \u2013 und es lohnt sich, dran zu bleiben.<\/p>\n\n\n\n<blockquote class=\"wp-block-quote is-layout-flow wp-block-quote-is-layout-flow\">\n<p>Ich w\u00fcnsche Ihnen von Herzen Mut und Geduld \u2013 und hoffe, dass meine Geschichte Ihnen zeigt: Es ist\u00a0<strong>nicht hoffnungslos<\/strong>. Hilfe ist m\u00f6glich, Fortschritt ist m\u00f6glich \u2013 und es lohnt sich, dran zu bleiben.<\/p>\n<\/blockquote>\n\n\n\n<p><\/p>\n\n\n\n<p><\/p>\n","protected":false},"excerpt":{"rendered":"<p>Ich m\u00f6chte heute meine Geschichte teilen \u2013 wie ich \u00fcber viele Jahre hinweg an einer schweren Form der Neuroborreliose gelitten habe, wie ich Patientin im Borreliose Centrum Augsburg war und wie ich schlie\u00dflich durch eine Kombination aus konventionellen Therapien und einer innovativen Behandlung in einer \u00dcberdruckkammer den Weg zur\u00fcck zu Gesundheit gefunden habe. Alles begann [&hellip;]<\/p>\n","protected":false},"author":1,"featured_media":0,"parent":0,"menu_order":0,"comment_status":"closed","ping_status":"open","template":"","meta":{"footnotes":""},"class_list":["post-2","page","type-page","status-publish","hentry"],"_links":{"self":[{"href":"https:\/\/seo-web-design.ch\/index.php?rest_route=\/wp\/v2\/pages\/2","targetHints":{"allow":["GET"]}}],"collection":[{"href":"https:\/\/seo-web-design.ch\/index.php?rest_route=\/wp\/v2\/pages"}],"about":[{"href":"https:\/\/seo-web-design.ch\/index.php?rest_route=\/wp\/v2\/types\/page"}],"author":[{"embeddable":true,"href":"https:\/\/seo-web-design.ch\/index.php?rest_route=\/wp\/v2\/users\/1"}],"replies":[{"embeddable":true,"href":"https:\/\/seo-web-design.ch\/index.php?rest_route=%2Fwp%2Fv2%2Fcomments&post=2"}],"version-history":[{"count":13,"href":"https:\/\/seo-web-design.ch\/index.php?rest_route=\/wp\/v2\/pages\/2\/revisions"}],"predecessor-version":[{"id":313,"href":"https:\/\/seo-web-design.ch\/index.php?rest_route=\/wp\/v2\/pages\/2\/revisions\/313"}],"wp:attachment":[{"href":"https:\/\/seo-web-design.ch\/index.php?rest_route=%2Fwp%2Fv2%2Fmedia&parent=2"}],"curies":[{"name":"wp","href":"https:\/\/api.w.org\/{rel}","templated":true}]}}